{"id":38,"date":"2017-04-10T14:13:40","date_gmt":"2017-04-10T14:13:40","guid":{"rendered":"http:\/\/mihaipascaru.ro\/?page_id=38"},"modified":"2023-10-28T07:22:53","modified_gmt":"2023-10-28T07:22:53","slug":"hipnoza-clinica-si-hipnoterapie","status":"publish","type":"page","link":"https:\/\/mihaipascaru.ro\/en\/hipnoza-clinica-si-hipnoterapie\/","title":{"rendered":"Hypnotherapy"},"content":{"rendered":"<div class=\"wp-block-columns is-layout-flex wp-container-core-columns-is-layout-9d6595d7 wp-block-columns-is-layout-flex\">\n<div class=\"wp-block-column is-layout-flow wp-block-column-is-layout-flow\">\n<p>Hypnotherapy, or more correctly\u00a0<strong>hypnopsychotherapy<\/strong>, is the psychotherapy that includes in its endeavors hypnotic procedures as well, with the client\u2019s approval and when the psychotherapist finds it proper. This is why it\u2019s important that when you choose a hypnotherapist to make sure he\/she is also accredited as a psychotherapist by The College of Psychologists in Romania.<\/p>\n\n\n\n<p>The advantage of the hypnotic trances in psychotherapy relies in the possibility of having access to repressed emotional conflicts and especially to psychological resources that are dormant (unconscious, not aware of). Thus with the help of clinical hypnosis, unprocessed internal states can be processed and more efficiently integrated, and one\u2019s inner resources can be accessed and utilized with a beneficial and therapeutic purpose.<\/p>\n\n\n\n<p>Besides psychotherapy, clinical hypnosis is also practical in the medical field and sports and intellectual performance.<\/p>\n<\/div>\n\n\n\n<div class=\"wp-block-column is-layout-flow wp-block-column-is-layout-flow\">\n<figure class=\"wp-block-image size-large\"><img fetchpriority=\"high\" decoding=\"async\" width=\"1024\" height=\"683\" src=\"https:\/\/mihaipascaru.ro\/wp-content\/uploads\/2023\/10\/hipnoterapie-1024x683.jpg\" alt=\"\" class=\"wp-image-1281\" srcset=\"https:\/\/mihaipascaru.ro\/wp-content\/uploads\/2023\/10\/hipnoterapie-1024x683.jpg 1024w, https:\/\/mihaipascaru.ro\/wp-content\/uploads\/2023\/10\/hipnoterapie-300x200.jpg 300w, https:\/\/mihaipascaru.ro\/wp-content\/uploads\/2023\/10\/hipnoterapie-768x512.jpg 768w, https:\/\/mihaipascaru.ro\/wp-content\/uploads\/2023\/10\/hipnoterapie-1536x1024.jpg 1536w, https:\/\/mihaipascaru.ro\/wp-content\/uploads\/2023\/10\/hipnoterapie-1000x667.jpg 1000w, https:\/\/mihaipascaru.ro\/wp-content\/uploads\/2023\/10\/hipnoterapie-230x153.jpg 230w, https:\/\/mihaipascaru.ro\/wp-content\/uploads\/2023\/10\/hipnoterapie-350x233.jpg 350w, https:\/\/mihaipascaru.ro\/wp-content\/uploads\/2023\/10\/hipnoterapie-480x320.jpg 480w, https:\/\/mihaipascaru.ro\/wp-content\/uploads\/2023\/10\/hipnoterapie.jpg 1933w\" sizes=\"(max-width: 1024px) 100vw, 1024px\" \/><\/figure>\n<\/div>\n<\/div>\n\n\n\n<p><strong>Medical hypnosis<\/strong>\u00a0is useful as a complementary act to the medical one in pre-surgery preparation and post-surgery recovery, pain management, dentistry (reducing anxiety, remediating bruxism which is often based on a nervous mechanism), facilitating natural birth (by coordinating the breathing and the muscles involved in the delivery process), skin disorders of psychosomatic origin (neurodermatitis, psoriasis, plantar warts etc.), oncological treatments (by stimulating the immune system), cardiovascular disorders, breathing disorders (like asthma), allergies, gastro-intestinal disorders (irritable bowl).<\/p>\n\n\n\n<p><br>Regarding\u00a0<strong>sports and intellectual performance<\/strong>, by utilizing hypnotic procedures, relaxation techniques and guided imagery, people can develop an optimal mental state, they can efficiently regulate the relaxation-straining alternation, can adjust and maintain an optimal level of concentration and strategic responses in real time and also have an increased speed of response. By involving the unconscious and very resourceful side of mental functioning, hypnotic approaches have the quality of stimulating creativity, imagination, memory and problem solving both in athletes and pupils\/students.<\/p>","protected":false},"excerpt":{"rendered":"<p>Hipnoterapia, sau mai corect\u00a0hipnopsihoterapia, este psihoterapia care include \u00een demersul s\u0103u \u0219i procedee hipnotice, cu acordul clientului \u0219i atunci c\u00e2nd psihoterapeutul consider\u0103 [&hellip;]<\/p>\n","protected":false},"author":1,"featured_media":380,"parent":0,"menu_order":0,"comment_status":"closed","ping_status":"closed","template":"elementor_theme","meta":{"footnotes":""},"class_list":["post-38","page","type-page","status-publish","has-post-thumbnail","hentry"],"yoast_head":"<!-- This site is optimized with the Yoast SEO plugin v27.5 - https:\/\/yoast.com\/product\/yoast-seo-wordpress\/ -->\n<title>Mihai Pascaru - Hipnoterapeut Bucuresti<\/title>\n<meta name=\"description\" content=\"Avantajele utiliz\u0103rii transei hipnotice \u00een hipnopsihoterapie, hipnoza medical\u0103, performan\u021ba sportiv\u0103 \u0219i cea intelectual\u0103.\" \/>\n<meta name=\"robots\" content=\"index, follow, max-snippet:-1, max-image-preview:large, max-video-preview:-1\" \/>\n<link rel=\"canonical\" href=\"https:\/\/mihaipascaru.ro\/en\/hipnoza-clinica-si-hipnoterapie\/\" \/>\n<meta property=\"og:locale\" content=\"en_US\" \/>\n<meta property=\"og:type\" content=\"article\" \/>\n<meta property=\"og:title\" content=\"Mihai Pascaru - Hipnoterapeut Bucuresti\" \/>\n<meta property=\"og:description\" content=\"Avantajele utiliz\u0103rii transei hipnotice \u00een hipnopsihoterapie, hipnoza medical\u0103, performan\u021ba sportiv\u0103 \u0219i cea intelectual\u0103.\" \/>\n<meta property=\"og:url\" content=\"https:\/\/mihaipascaru.ro\/en\/hipnoza-clinica-si-hipnoterapie\/\" \/>\n<meta property=\"og:site_name\" content=\"Mihai Pascaru\" \/>\n<meta property=\"article:modified_time\" content=\"2023-10-28T07:22:53+00:00\" \/>\n<meta property=\"og:image\" content=\"https:\/\/mihaipascaru.ro\/wp-content\/uploads\/2019\/01\/stained-glass-1181864_640-2.jpg\" \/>\n\t<meta property=\"og:image:width\" content=\"613\" \/>\n\t<meta property=\"og:image:height\" content=\"407\" \/>\n\t<meta property=\"og:image:type\" content=\"image\/jpeg\" \/>\n<meta name=\"twitter:card\" content=\"summary_large_image\" \/>\n<meta name=\"twitter:label1\" content=\"Est. reading time\" \/>\n\t<meta name=\"twitter:data1\" content=\"2 minutes\" \/>\n<script type=\"application\/ld+json\" class=\"yoast-schema-graph\">{\"@context\":\"https:\\\/\\\/schema.org\",\"@graph\":[{\"@type\":\"WebPage\",\"@id\":\"https:\\\/\\\/mihaipascaru.ro\\\/hipnoza-clinica-si-hipnoterapie\\\/\",\"url\":\"https:\\\/\\\/mihaipascaru.ro\\\/hipnoza-clinica-si-hipnoterapie\\\/\",\"name\":\"Mihai Pascaru - Hipnoterapeut Bucuresti\",\"isPartOf\":{\"@id\":\"https:\\\/\\\/mihaipascaru.ro\\\/#website\"},\"primaryImageOfPage\":{\"@id\":\"https:\\\/\\\/mihaipascaru.ro\\\/hipnoza-clinica-si-hipnoterapie\\\/#primaryimage\"},\"image\":{\"@id\":\"https:\\\/\\\/mihaipascaru.ro\\\/hipnoza-clinica-si-hipnoterapie\\\/#primaryimage\"},\"thumbnailUrl\":\"https:\\\/\\\/mihaipascaru.ro\\\/wp-content\\\/uploads\\\/2019\\\/01\\\/stained-glass-1181864_640-2.jpg\",\"datePublished\":\"2017-04-10T14:13:40+00:00\",\"dateModified\":\"2023-10-28T07:22:53+00:00\",\"description\":\"Avantajele utiliz\u0103rii transei hipnotice \u00een hipnopsihoterapie, hipnoza medical\u0103, performan\u021ba sportiv\u0103 \u0219i cea intelectual\u0103.\",\"breadcrumb\":{\"@id\":\"https:\\\/\\\/mihaipascaru.ro\\\/hipnoza-clinica-si-hipnoterapie\\\/#breadcrumb\"},\"inLanguage\":\"en-US\",\"potentialAction\":[{\"@type\":\"ReadAction\",\"target\":[\"https:\\\/\\\/mihaipascaru.ro\\\/hipnoza-clinica-si-hipnoterapie\\\/\"]}]},{\"@type\":\"ImageObject\",\"inLanguage\":\"en-US\",\"@id\":\"https:\\\/\\\/mihaipascaru.ro\\\/hipnoza-clinica-si-hipnoterapie\\\/#primaryimage\",\"url\":\"https:\\\/\\\/mihaipascaru.ro\\\/wp-content\\\/uploads\\\/2019\\\/01\\\/stained-glass-1181864_640-2.jpg\",\"contentUrl\":\"https:\\\/\\\/mihaipascaru.ro\\\/wp-content\\\/uploads\\\/2019\\\/01\\\/stained-glass-1181864_640-2.jpg\",\"width\":613,\"height\":407},{\"@type\":\"BreadcrumbList\",\"@id\":\"https:\\\/\\\/mihaipascaru.ro\\\/hipnoza-clinica-si-hipnoterapie\\\/#breadcrumb\",\"itemListElement\":[{\"@type\":\"ListItem\",\"position\":1,\"name\":\"Home\",\"item\":\"https:\\\/\\\/mihaipascaru.ro\\\/\"},{\"@type\":\"ListItem\",\"position\":2,\"name\":\"Hipnoterapie\"}]},{\"@type\":\"WebSite\",\"@id\":\"https:\\\/\\\/mihaipascaru.ro\\\/#website\",\"url\":\"https:\\\/\\\/mihaipascaru.ro\\\/\",\"name\":\"Mihai Pascaru\",\"description\":\"Cabinet Individual de Psihologie\",\"potentialAction\":[{\"@type\":\"SearchAction\",\"target\":{\"@type\":\"EntryPoint\",\"urlTemplate\":\"https:\\\/\\\/mihaipascaru.ro\\\/?s={search_term_string}\"},\"query-input\":{\"@type\":\"PropertyValueSpecification\",\"valueRequired\":true,\"valueName\":\"search_term_string\"}}],\"inLanguage\":\"en-US\"}]}<\/script>\n<!-- \/ Yoast SEO plugin. -->","yoast_head_json":{"title":"Mihai Pascaru - Hipnoterapeut Bucuresti","description":"Avantajele utiliz\u0103rii transei hipnotice \u00een hipnopsihoterapie, hipnoza medical\u0103, performan\u021ba sportiv\u0103 \u0219i cea intelectual\u0103.","robots":{"index":"index","follow":"follow","max-snippet":"max-snippet:-1","max-image-preview":"max-image-preview:large","max-video-preview":"max-video-preview:-1"},"canonical":"https:\/\/mihaipascaru.ro\/en\/hipnoza-clinica-si-hipnoterapie\/","og_locale":"en_US","og_type":"article","og_title":"Mihai Pascaru - Hipnoterapeut Bucuresti","og_description":"Avantajele utiliz\u0103rii transei hipnotice \u00een hipnopsihoterapie, hipnoza medical\u0103, performan\u021ba sportiv\u0103 \u0219i cea intelectual\u0103.","og_url":"https:\/\/mihaipascaru.ro\/en\/hipnoza-clinica-si-hipnoterapie\/","og_site_name":"Mihai Pascaru","article_modified_time":"2023-10-28T07:22:53+00:00","og_image":[{"width":613,"height":407,"url":"https:\/\/mihaipascaru.ro\/wp-content\/uploads\/2019\/01\/stained-glass-1181864_640-2.jpg","type":"image\/jpeg"}],"twitter_card":"summary_large_image","twitter_misc":{"Est. reading time":"2 minutes"},"schema":{"@context":"https:\/\/schema.org","@graph":[{"@type":"WebPage","@id":"https:\/\/mihaipascaru.ro\/hipnoza-clinica-si-hipnoterapie\/","url":"https:\/\/mihaipascaru.ro\/hipnoza-clinica-si-hipnoterapie\/","name":"Mihai Pascaru - Hipnoterapeut Bucuresti","isPartOf":{"@id":"https:\/\/mihaipascaru.ro\/#website"},"primaryImageOfPage":{"@id":"https:\/\/mihaipascaru.ro\/hipnoza-clinica-si-hipnoterapie\/#primaryimage"},"image":{"@id":"https:\/\/mihaipascaru.ro\/hipnoza-clinica-si-hipnoterapie\/#primaryimage"},"thumbnailUrl":"https:\/\/mihaipascaru.ro\/wp-content\/uploads\/2019\/01\/stained-glass-1181864_640-2.jpg","datePublished":"2017-04-10T14:13:40+00:00","dateModified":"2023-10-28T07:22:53+00:00","description":"Avantajele utiliz\u0103rii transei hipnotice \u00een hipnopsihoterapie, hipnoza medical\u0103, performan\u021ba sportiv\u0103 \u0219i cea intelectual\u0103.","breadcrumb":{"@id":"https:\/\/mihaipascaru.ro\/hipnoza-clinica-si-hipnoterapie\/#breadcrumb"},"inLanguage":"en-US","potentialAction":[{"@type":"ReadAction","target":["https:\/\/mihaipascaru.ro\/hipnoza-clinica-si-hipnoterapie\/"]}]},{"@type":"ImageObject","inLanguage":"en-US","@id":"https:\/\/mihaipascaru.ro\/hipnoza-clinica-si-hipnoterapie\/#primaryimage","url":"https:\/\/mihaipascaru.ro\/wp-content\/uploads\/2019\/01\/stained-glass-1181864_640-2.jpg","contentUrl":"https:\/\/mihaipascaru.ro\/wp-content\/uploads\/2019\/01\/stained-glass-1181864_640-2.jpg","width":613,"height":407},{"@type":"BreadcrumbList","@id":"https:\/\/mihaipascaru.ro\/hipnoza-clinica-si-hipnoterapie\/#breadcrumb","itemListElement":[{"@type":"ListItem","position":1,"name":"Home","item":"https:\/\/mihaipascaru.ro\/"},{"@type":"ListItem","position":2,"name":"Hipnoterapie"}]},{"@type":"WebSite","@id":"https:\/\/mihaipascaru.ro\/#website","url":"https:\/\/mihaipascaru.ro\/","name":"Mihai Pascaru","description":"Individual Psychology Office","potentialAction":[{"@type":"SearchAction","target":{"@type":"EntryPoint","urlTemplate":"https:\/\/mihaipascaru.ro\/?s={search_term_string}"},"query-input":{"@type":"PropertyValueSpecification","valueRequired":true,"valueName":"search_term_string"}}],"inLanguage":"en-US"}]}},"_links":{"self":[{"href":"https:\/\/mihaipascaru.ro\/en\/wp-json\/wp\/v2\/pages\/38","targetHints":{"allow":["GET"]}}],"collection":[{"href":"https:\/\/mihaipascaru.ro\/en\/wp-json\/wp\/v2\/pages"}],"about":[{"href":"https:\/\/mihaipascaru.ro\/en\/wp-json\/wp\/v2\/types\/page"}],"author":[{"embeddable":true,"href":"https:\/\/mihaipascaru.ro\/en\/wp-json\/wp\/v2\/users\/1"}],"replies":[{"embeddable":true,"href":"https:\/\/mihaipascaru.ro\/en\/wp-json\/wp\/v2\/comments?post=38"}],"version-history":[{"count":42,"href":"https:\/\/mihaipascaru.ro\/en\/wp-json\/wp\/v2\/pages\/38\/revisions"}],"predecessor-version":[{"id":1452,"href":"https:\/\/mihaipascaru.ro\/en\/wp-json\/wp\/v2\/pages\/38\/revisions\/1452"}],"wp:featuredmedia":[{"embeddable":true,"href":"https:\/\/mihaipascaru.ro\/en\/wp-json\/wp\/v2\/media\/380"}],"wp:attachment":[{"href":"https:\/\/mihaipascaru.ro\/en\/wp-json\/wp\/v2\/media?parent=38"}],"curies":[{"name":"wp","href":"https:\/\/api.w.org\/{rel}","templated":true}]}}