{"id":48,"date":"2017-04-10T14:32:28","date_gmt":"2017-04-10T14:32:28","guid":{"rendered":"http:\/\/mihaipascaru.ro\/?page_id=48"},"modified":"2023-10-26T20:40:45","modified_gmt":"2023-10-26T20:40:45","slug":"contact","status":"publish","type":"page","link":"https:\/\/mihaipascaru.ro\/en\/contact\/","title":{"rendered":"Contact"},"content":{"rendered":"\t\t<div data-elementor-type=\"wp-page\" data-elementor-id=\"48\" class=\"elementor elementor-48\">\n\t\t\t\t\t\t<section class=\"elementor-section elementor-top-section elementor-element elementor-element-19f80ca3 elementor-section-content-middle elementor-section-boxed elementor-section-height-default elementor-section-height-default\" data-id=\"19f80ca3\" data-element_type=\"section\" data-e-type=\"section\">\n\t\t\t\t\t\t<div class=\"elementor-container elementor-column-gap-default\">\n\t\t\t\t\t<div class=\"elementor-column elementor-col-100 elementor-top-column elementor-element elementor-element-32c4db9\" data-id=\"32c4db9\" data-element_type=\"column\" data-e-type=\"column\">\n\t\t\t<div class=\"elementor-widget-wrap elementor-element-populated\">\n\t\t\t\t\t\t<div class=\"elementor-element elementor-element-66957876 elementor-widget elementor-widget-heading\" data-id=\"66957876\" data-element_type=\"widget\" data-e-type=\"widget\" data-widget_type=\"heading.default\">\n\t\t\t\t<div class=\"elementor-widget-container\">\n\t\t\t\t\t<h2 class=\"elementor-heading-title elementor-size-default\">Contacteaz\u0103-m\u0103<\/h2>\t\t\t\t<\/div>\n\t\t\t\t<\/div>\n\t\t\t\t\t<\/div>\n\t\t<\/div>\n\t\t\t\t\t<\/div>\n\t\t<\/section>\n\t\t\t\t<section class=\"elementor-section elementor-top-section elementor-element elementor-element-1ca8ed40 elementor-section-boxed elementor-section-height-default elementor-section-height-default\" data-id=\"1ca8ed40\" data-element_type=\"section\" data-e-type=\"section\">\n\t\t\t\t\t\t<div class=\"elementor-container elementor-column-gap-default\">\n\t\t\t\t\t<div class=\"elementor-column elementor-col-50 elementor-top-column elementor-element elementor-element-28435046\" data-id=\"28435046\" data-element_type=\"column\" data-e-type=\"column\">\n\t\t\t<div class=\"elementor-widget-wrap elementor-element-populated\">\n\t\t\t\t\t\t<section class=\"elementor-section elementor-inner-section elementor-element elementor-element-846d6e7 elementor-section-boxed elementor-section-height-default elementor-section-height-default\" data-id=\"846d6e7\" data-element_type=\"section\" data-e-type=\"section\">\n\t\t\t\t\t\t<div class=\"elementor-container elementor-column-gap-default\">\n\t\t\t\t\t<div class=\"elementor-column elementor-col-100 elementor-inner-column elementor-element elementor-element-2d0deb62\" data-id=\"2d0deb62\" data-element_type=\"column\" data-e-type=\"column\">\n\t\t\t<div class=\"elementor-widget-wrap elementor-element-populated\">\n\t\t\t\t\t\t<div class=\"elementor-element elementor-element-33e925f5 elementor-view-stacked elementor-position-inline-start elementor-shape-circle elementor-mobile-position-block-start elementor-widget elementor-widget-icon-box\" data-id=\"33e925f5\" data-element_type=\"widget\" data-e-type=\"widget\" data-widget_type=\"icon-box.default\">\n\t\t\t\t<div class=\"elementor-widget-container\">\n\t\t\t\t\t\t\t<div class=\"elementor-icon-box-wrapper\">\n\n\t\t\t\t\t\t<div class=\"elementor-icon-box-icon\">\n\t\t\t\t<span  class=\"elementor-icon\">\n\t\t\t\t<i aria-hidden=\"true\" class=\"fas fa-phone-alt\"><\/i>\t\t\t\t<\/span>\n\t\t\t<\/div>\n\t\t\t\n\t\t\t\t\t\t<div class=\"elementor-icon-box-content\">\n\n\t\t\t\t\t\t\t\t\t<h3 class=\"elementor-icon-box-title\">\n\t\t\t\t\t\t<span  >\n\t\t\t\t\t\t\ttelefon:\t\t\t\t\t\t<\/span>\n\t\t\t\t\t<\/h3>\n\t\t\t\t\n\t\t\t\t\t\t\t\t\t<p class=\"elementor-icon-box-description\">\n\t\t\t\t\t\t+4 0744.676.453\t\t\t\t\t<\/p>\n\t\t\t\t\n\t\t\t<\/div>\n\t\t\t\n\t\t<\/div>\n\t\t\t\t\t\t<\/div>\n\t\t\t\t<\/div>\n\t\t\t\t\t<\/div>\n\t\t<\/div>\n\t\t\t\t\t<\/div>\n\t\t<\/section>\n\t\t\t\t<section class=\"elementor-section elementor-inner-section elementor-element elementor-element-9eb36c8 elementor-section-boxed elementor-section-height-default elementor-section-height-default\" data-id=\"9eb36c8\" data-element_type=\"section\" data-e-type=\"section\">\n\t\t\t\t\t\t<div class=\"elementor-container elementor-column-gap-default\">\n\t\t\t\t\t<div class=\"elementor-column elementor-col-100 elementor-inner-column elementor-element elementor-element-b9a0ea4\" data-id=\"b9a0ea4\" data-element_type=\"column\" data-e-type=\"column\">\n\t\t\t<div class=\"elementor-widget-wrap elementor-element-populated\">\n\t\t\t\t\t\t<div class=\"elementor-element elementor-element-da5ec49 elementor-view-stacked elementor-position-inline-start elementor-shape-circle elementor-mobile-position-block-start elementor-widget elementor-widget-icon-box\" data-id=\"da5ec49\" data-element_type=\"widget\" data-e-type=\"widget\" data-widget_type=\"icon-box.default\">\n\t\t\t\t<div class=\"elementor-widget-container\">\n\t\t\t\t\t\t\t<div class=\"elementor-icon-box-wrapper\">\n\n\t\t\t\t\t\t<div class=\"elementor-icon-box-icon\">\n\t\t\t\t<span  class=\"elementor-icon\">\n\t\t\t\t<i aria-hidden=\"true\" class=\"fas fa-envelope-open\"><\/i>\t\t\t\t<\/span>\n\t\t\t<\/div>\n\t\t\t\n\t\t\t\t\t\t<div class=\"elementor-icon-box-content\">\n\n\t\t\t\t\t\t\t\t\t<h3 class=\"elementor-icon-box-title\">\n\t\t\t\t\t\t<span  >\n\t\t\t\t\t\t\tEmail\t\t\t\t\t\t<\/span>\n\t\t\t\t\t<\/h3>\n\t\t\t\t\n\t\t\t\t\t\t\t\t\t<p class=\"elementor-icon-box-description\">\n\t\t\t\t\t\tcontact@mihaipascaru.ro\t\t\t\t\t<\/p>\n\t\t\t\t\n\t\t\t<\/div>\n\t\t\t\n\t\t<\/div>\n\t\t\t\t\t\t<\/div>\n\t\t\t\t<\/div>\n\t\t\t\t\t<\/div>\n\t\t<\/div>\n\t\t\t\t\t<\/div>\n\t\t<\/section>\n\t\t\t\t<section class=\"elementor-section elementor-inner-section elementor-element elementor-element-77adb82 elementor-section-boxed elementor-section-height-default elementor-section-height-default\" data-id=\"77adb82\" data-element_type=\"section\" data-e-type=\"section\">\n\t\t\t\t\t\t<div class=\"elementor-container elementor-column-gap-default\">\n\t\t\t\t\t<div class=\"elementor-column elementor-col-100 elementor-inner-column elementor-element elementor-element-3a80061\" data-id=\"3a80061\" data-element_type=\"column\" data-e-type=\"column\">\n\t\t\t<div class=\"elementor-widget-wrap elementor-element-populated\">\n\t\t\t\t\t\t<div class=\"elementor-element elementor-element-29359ec elementor-view-stacked elementor-position-inline-start elementor-shape-circle elementor-mobile-position-block-start elementor-widget elementor-widget-icon-box\" data-id=\"29359ec\" data-element_type=\"widget\" data-e-type=\"widget\" data-widget_type=\"icon-box.default\">\n\t\t\t\t<div class=\"elementor-widget-container\">\n\t\t\t\t\t\t\t<div class=\"elementor-icon-box-wrapper\">\n\n\t\t\t\t\t\t<div class=\"elementor-icon-box-icon\">\n\t\t\t\t<span  class=\"elementor-icon\">\n\t\t\t\t<i aria-hidden=\"true\" class=\"fas fa-map-marker-alt\"><\/i>\t\t\t\t<\/span>\n\t\t\t<\/div>\n\t\t\t\n\t\t\t\t\t\t<div class=\"elementor-icon-box-content\">\n\n\t\t\t\t\t\t\t\t\t<h3 class=\"elementor-icon-box-title\">\n\t\t\t\t\t\t<span  >\n\t\t\t\t\t\t\tAdres\u0103\t\t\t\t\t\t<\/span>\n\t\t\t\t\t<\/h3>\n\t\t\t\t\n\t\t\t\t\t\t\t\t\t<p class=\"elementor-icon-box-description\">\n\t\t\t\t\t\tBd. Burebista nr. 1, bl. D15, sc. 4, interfon 30, et. 6, ap. 130, sect. 3 Bucure\u0219ti\t\t\t\t\t<\/p>\n\t\t\t\t\n\t\t\t<\/div>\n\t\t\t\n\t\t<\/div>\n\t\t\t\t\t\t<\/div>\n\t\t\t\t<\/div>\n\t\t\t\t\t<\/div>\n\t\t<\/div>\n\t\t\t\t\t<\/div>\n\t\t<\/section>\n\t\t\t\t\t<\/div>\n\t\t<\/div>\n\t\t\t\t<div class=\"elementor-column elementor-col-50 elementor-top-column elementor-element elementor-element-74ec4d6\" data-id=\"74ec4d6\" data-element_type=\"column\" data-e-type=\"column\">\n\t\t\t<div class=\"elementor-widget-wrap elementor-element-populated\">\n\t\t\t\t\t\t<section class=\"elementor-section elementor-inner-section elementor-element elementor-element-96c6bc1 elementor-section-boxed elementor-section-height-default elementor-section-height-default\" data-id=\"96c6bc1\" data-element_type=\"section\" data-e-type=\"section\">\n\t\t\t\t\t\t<div class=\"elementor-container elementor-column-gap-default\">\n\t\t\t\t\t<div class=\"elementor-column elementor-col-100 elementor-inner-column elementor-element elementor-element-27d02d8\" data-id=\"27d02d8\" data-element_type=\"column\" data-e-type=\"column\">\n\t\t\t<div class=\"elementor-widget-wrap elementor-element-populated\">\n\t\t\t\t\t\t<div class=\"elementor-element elementor-element-7d0ece8 elementor-widget elementor-widget-image\" data-id=\"7d0ece8\" data-element_type=\"widget\" data-e-type=\"widget\" data-widget_type=\"image.default\">\n\t\t\t\t<div class=\"elementor-widget-container\">\n\t\t\t\t\t\t\t\t\t\t\t\t\t\t\t<img fetchpriority=\"high\" decoding=\"async\" width=\"1024\" height=\"585\" src=\"https:\/\/mihaipascaru.ro\/wp-content\/uploads\/2023\/10\/map-img-1024x585.jpg\" class=\"attachment-large size-large wp-image-1344\" alt=\"\" srcset=\"https:\/\/mihaipascaru.ro\/wp-content\/uploads\/2023\/10\/map-img-1024x585.jpg 1024w, https:\/\/mihaipascaru.ro\/wp-content\/uploads\/2023\/10\/map-img-300x172.jpg 300w, https:\/\/mihaipascaru.ro\/wp-content\/uploads\/2023\/10\/map-img-768x439.jpg 768w, https:\/\/mihaipascaru.ro\/wp-content\/uploads\/2023\/10\/map-img-1000x572.jpg 1000w, https:\/\/mihaipascaru.ro\/wp-content\/uploads\/2023\/10\/map-img-230x131.jpg 230w, https:\/\/mihaipascaru.ro\/wp-content\/uploads\/2023\/10\/map-img-350x200.jpg 350w, https:\/\/mihaipascaru.ro\/wp-content\/uploads\/2023\/10\/map-img-480x274.jpg 480w, https:\/\/mihaipascaru.ro\/wp-content\/uploads\/2023\/10\/map-img.jpg 1116w\" sizes=\"(max-width: 1024px) 100vw, 1024px\" \/>\t\t\t\t\t\t\t\t\t\t\t\t\t\t\t<\/div>\n\t\t\t\t<\/div>\n\t\t\t\t\t<\/div>\n\t\t<\/div>\n\t\t\t\t\t<\/div>\n\t\t<\/section>\n\t\t\t\t\t<\/div>\n\t\t<\/div>\n\t\t\t\t\t<\/div>\n\t\t<\/section>\n\t\t\t\t<section class=\"elementor-section elementor-top-section elementor-element elementor-element-628af398 elementor-section-stretched elementor-section-boxed elementor-section-height-default elementor-section-height-default\" data-id=\"628af398\" data-element_type=\"section\" data-e-type=\"section\" data-settings=\"{&quot;background_background&quot;:&quot;classic&quot;,&quot;stretch_section&quot;:&quot;section-stretched&quot;,&quot;shape_divider_top&quot;:&quot;mountains&quot;}\">\n\t\t\t\t\t\t\t<div class=\"elementor-background-overlay\"><\/div>\n\t\t\t\t\t\t<div class=\"elementor-shape elementor-shape-top\" aria-hidden=\"true\" data-negative=\"false\">\n\t\t\t<svg xmlns=\"http:\/\/www.w3.org\/2000\/svg\" viewBox=\"0 0 1000 100\" preserveAspectRatio=\"none\">\n\t<path class=\"elementor-shape-fill\" opacity=\"0.33\" d=\"M473,67.3c-203.9,88.3-263.1-34-320.3,0C66,119.1,0,59.7,0,59.7V0h1000v59.7 c0,0-62.1,26.1-94.9,29.3c-32.8,3.3-62.8-12.3-75.8-22.1C806,49.6,745.3,8.7,694.9,4.7S492.4,59,473,67.3z\"\/>\n\t<path class=\"elementor-shape-fill\" opacity=\"0.66\" d=\"M734,67.3c-45.5,0-77.2-23.2-129.1-39.1c-28.6-8.7-150.3-10.1-254,39.1 s-91.7-34.4-149.2,0C115.7,118.3,0,39.8,0,39.8V0h1000v36.5c0,0-28.2-18.5-92.1-18.5C810.2,18.1,775.7,67.3,734,67.3z\"\/>\n\t<path class=\"elementor-shape-fill\" d=\"M766.1,28.9c-200-57.5-266,65.5-395.1,19.5C242,1.8,242,5.4,184.8,20.6C128,35.8,132.3,44.9,89.9,52.5C28.6,63.7,0,0,0,0 h1000c0,0-9.9,40.9-83.6,48.1S829.6,47,766.1,28.9z\"\/>\n<\/svg>\t\t<\/div>\n\t\t\t\t\t<div class=\"elementor-container elementor-column-gap-default\">\n\t\t\t\t\t<div class=\"elementor-column elementor-col-100 elementor-top-column elementor-element elementor-element-6ea23df4\" data-id=\"6ea23df4\" data-element_type=\"column\" data-e-type=\"column\">\n\t\t\t<div class=\"elementor-widget-wrap elementor-element-populated\">\n\t\t\t\t\t\t<section class=\"elementor-section elementor-inner-section elementor-element elementor-element-2aca3c1b elementor-section-boxed elementor-section-height-default elementor-section-height-default\" data-id=\"2aca3c1b\" data-element_type=\"section\" data-e-type=\"section\">\n\t\t\t\t\t\t<div class=\"elementor-container elementor-column-gap-no\">\n\t\t\t\t\t<div class=\"elementor-column elementor-col-33 elementor-inner-column elementor-element elementor-element-5fea915c\" data-id=\"5fea915c\" data-element_type=\"column\" data-e-type=\"column\">\n\t\t\t<div class=\"elementor-widget-wrap\">\n\t\t\t\t\t\t\t<\/div>\n\t\t<\/div>\n\t\t\t\t<div class=\"elementor-column elementor-col-33 elementor-inner-column elementor-element elementor-element-6557ed8c\" data-id=\"6557ed8c\" data-element_type=\"column\" data-e-type=\"column\">\n\t\t\t<div class=\"elementor-widget-wrap elementor-element-populated\">\n\t\t\t\t\t\t<div class=\"elementor-element elementor-element-e1cc6fe elementor-widget elementor-widget-wpforms\" data-id=\"e1cc6fe\" data-element_type=\"widget\" data-e-type=\"widget\" data-widget_type=\"wpforms.default\">\n\t\t\t\t<div class=\"elementor-widget-container\">\n\t\t\t\t\t<style id=\"wpforms-css-vars-elementor-widget-e1cc6fe\">\n\t\t\t\t.elementor-widget-wpforms.elementor-element-e1cc6fe {\n\t\t\t\t--wpforms-button-border-radius: 4px;\n--wpforms-button-background-color: #03B97C;\n--wpforms-button-size-font-size: 20px;\n--wpforms-button-size-height: 48px;\n--wpforms-button-size-padding-h: 20px;\n--wpforms-button-size-margin-top: 15px;\n\t\t\t}\n\t\t\t<\/style><div class=\"wpforms-container wpforms-container-full wpforms-render-modern\" id=\"wpforms-1225\"><form id=\"wpforms-form-1225\" class=\"wpforms-validate wpforms-form wpforms-ajax-form\" data-formid=\"1225\" method=\"post\" enctype=\"multipart\/form-data\" action=\"\/en\/wp-json\/wp\/v2\/pages\/48\" data-token=\"b903154ca9f553825f4836b816a06736\" data-token-time=\"1778166392\"><noscript class=\"wpforms-error-noscript\">Please enable JavaScript in your browser to complete this form.<\/noscript><div id=\"wpforms-error-noscript\" style=\"display: none;\">Please enable JavaScript in your browser to complete this form.<\/div><div class=\"wpforms-field-container\"><div id=\"wpforms-1225-field_3-container\" class=\"wpforms-field wpforms-field-text\" data-field-id=\"3\"><label class=\"wpforms-field-label\" for=\"wpforms-1225-field_3\">Nume \u0219i Prenume <span class=\"wpforms-required-label\" aria-hidden=\"true\">*<\/span><\/label><input type=\"text\" id=\"wpforms-1225-field_3\" class=\"wpforms-field-medium wpforms-field-required\" name=\"wpforms[fields][3]\" aria-errormessage=\"wpforms-1225-field_3-error\" required><\/div><div id=\"wpforms-1225-field_4-container\" class=\"wpforms-field wpforms-field-number\" data-field-id=\"4\"><label class=\"wpforms-field-label\" for=\"wpforms-1225-field_4\">Telefon<\/label><input type=\"number\" id=\"wpforms-1225-field_4\" class=\"wpforms-field-medium\" name=\"wpforms[fields][4]\" step=\"any\" aria-errormessage=\"wpforms-1225-field_4-error\" ><\/div><div id=\"wpforms-1225-field_1-container\" class=\"wpforms-field wpforms-field-email\" data-field-id=\"1\"><label class=\"wpforms-field-label\" for=\"wpforms-1225-field_1\">Email <span class=\"wpforms-required-label\" aria-hidden=\"true\">*<\/span><\/label><input type=\"email\" id=\"wpforms-1225-field_1\" class=\"wpforms-field-medium wpforms-field-required\" name=\"wpforms[fields][1]\" spellcheck=\"false\" aria-errormessage=\"wpforms-1225-field_1-error\" required><\/div><div id=\"wpforms-1225-field_2-container\" class=\"wpforms-field wpforms-field-textarea\" data-field-id=\"2\"><label class=\"wpforms-field-label\" for=\"wpforms-1225-field_2\">Mentiuni<\/label><textarea id=\"wpforms-1225-field_2\" class=\"wpforms-field-medium\" name=\"wpforms[fields][2]\" aria-errormessage=\"wpforms-1225-field_2-error\" ><\/textarea><\/div><div id=\"wpforms-1225-field_7-container\" class=\"wpforms-field wpforms-field-checkbox\" data-field-id=\"7\"><fieldset><legend class=\"wpforms-field-label\"> <span class=\"wpforms-required-label\" aria-hidden=\"true\">*<\/span><\/legend><ul id=\"wpforms-1225-field_7\" class=\"wpforms-field-required\"><li class=\"choice-1 depth-1\"><input type=\"checkbox\" id=\"wpforms-1225-field_7_1\" name=\"wpforms[fields][7][]\" value=\"Confirm ca am citit si sunt de acord cu politica de confidentialitate.\" aria-errormessage=\"wpforms-1225-field_7_1-error\" required ><label class=\"wpforms-field-label-inline\" for=\"wpforms-1225-field_7_1\">Confirm ca am citit si sunt de acord cu politica de confidentialitate.<\/label><\/li><\/ul><\/fieldset><\/div><\/div><!-- .wpforms-field-container --><div class=\"wpforms-submit-container\" ><input type=\"hidden\" name=\"wpforms[id]\" value=\"1225\"><input type=\"hidden\" name=\"page_title\" value=\"\"><input type=\"hidden\" name=\"page_url\" value=\"https:\/\/mihaipascaru.ro\/en\/wp-json\/wp\/v2\/pages\/48\"><input type=\"hidden\" name=\"url_referer\" value=\"\"><button type=\"submit\" name=\"wpforms[submit]\" id=\"wpforms-submit-1225\" class=\"wpforms-submit\" data-alt-text=\"Sending...\" data-submit-text=\"Trimite\" aria-live=\"assertive\" value=\"wpforms-submit\">Trimite<\/button><img decoding=\"async\" src=\"https:\/\/mihaipascaru.ro\/wp-content\/plugins\/wpforms-lite\/assets\/images\/submit-spin.svg\" class=\"wpforms-submit-spinner\" style=\"display: none;\" width=\"26\" height=\"26\" alt=\"Loading\"><\/div><\/form><\/div>  <!-- .wpforms-container -->\t\t\t\t<\/div>\n\t\t\t\t<\/div>\n\t\t\t\t\t<\/div>\n\t\t<\/div>\n\t\t\t\t<div class=\"elementor-column elementor-col-33 elementor-inner-column elementor-element elementor-element-230225d3\" data-id=\"230225d3\" data-element_type=\"column\" data-e-type=\"column\">\n\t\t\t<div class=\"elementor-widget-wrap\">\n\t\t\t\t\t\t\t<\/div>\n\t\t<\/div>\n\t\t\t\t\t<\/div>\n\t\t<\/section>\n\t\t\t\t\t<\/div>\n\t\t<\/div>\n\t\t\t\t\t<\/div>\n\t\t<\/section>\n\t\t\t\t<\/div>\n\t\t","protected":false},"excerpt":{"rendered":"<p>Contacteaz\u0103-m\u0103 telefon: +4 0744.676.453 Email contact@mihaipascaru.ro Adres\u0103 Bd. Burebista nr. 1, bl. D15, sc. 4, interfon 30, et. 6, ap. 130, sect. [&hellip;]<\/p>\n","protected":false},"author":1,"featured_media":0,"parent":0,"menu_order":0,"comment_status":"closed","ping_status":"closed","template":"page-templates\/page_fullwidth.php","meta":{"footnotes":""},"class_list":["post-48","page","type-page","status-publish","hentry"],"yoast_head":"<!-- This site is optimized with the Yoast SEO plugin v27.5 - https:\/\/yoast.com\/product\/yoast-seo-wordpress\/ -->\n<title>Psiholog Psihoterapeut Mihai Pascaru - Sector 3 Bucuresti<\/title>\n<meta name=\"description\" content=\"Bv. Burebista nr. 1, bl. D15, sc. 4, interfon 30, et. 6, ap. 130, sector 3 Bucuresti Tel 0744676453 email: contact@mihaipascaru.ro\" \/>\n<meta name=\"robots\" content=\"index, follow, max-snippet:-1, max-image-preview:large, max-video-preview:-1\" \/>\n<link rel=\"canonical\" href=\"https:\/\/mihaipascaru.ro\/en\/contact\/\" \/>\n<meta property=\"og:locale\" content=\"en_US\" \/>\n<meta property=\"og:type\" content=\"article\" \/>\n<meta property=\"og:title\" content=\"Psiholog Psihoterapeut Mihai Pascaru - Sector 3 Bucuresti\" \/>\n<meta property=\"og:description\" content=\"Bv. Burebista nr. 1, bl. D15, sc. 4, interfon 30, et. 6, ap. 130, sector 3 Bucuresti Tel 0744676453 email: contact@mihaipascaru.ro\" \/>\n<meta property=\"og:url\" content=\"https:\/\/mihaipascaru.ro\/en\/contact\/\" \/>\n<meta property=\"og:site_name\" content=\"Mihai Pascaru\" \/>\n<meta property=\"article:modified_time\" content=\"2023-10-26T20:40:45+00:00\" \/>\n<meta property=\"og:image\" content=\"https:\/\/mihaipascaru.ro\/wp-content\/uploads\/2023\/10\/map-img-1024x585.jpg\" \/>\n<meta name=\"twitter:card\" content=\"summary_large_image\" \/>\n<meta name=\"twitter:label1\" content=\"Est. reading time\" \/>\n\t<meta name=\"twitter:data1\" content=\"1 minute\" \/>\n<script type=\"application\/ld+json\" class=\"yoast-schema-graph\">{\"@context\":\"https:\\\/\\\/schema.org\",\"@graph\":[{\"@type\":\"WebPage\",\"@id\":\"https:\\\/\\\/mihaipascaru.ro\\\/contact\\\/\",\"url\":\"https:\\\/\\\/mihaipascaru.ro\\\/contact\\\/\",\"name\":\"Psiholog Psihoterapeut Mihai Pascaru - Sector 3 Bucuresti\",\"isPartOf\":{\"@id\":\"https:\\\/\\\/mihaipascaru.ro\\\/#website\"},\"primaryImageOfPage\":{\"@id\":\"https:\\\/\\\/mihaipascaru.ro\\\/contact\\\/#primaryimage\"},\"image\":{\"@id\":\"https:\\\/\\\/mihaipascaru.ro\\\/contact\\\/#primaryimage\"},\"thumbnailUrl\":\"https:\\\/\\\/mihaipascaru.ro\\\/wp-content\\\/uploads\\\/2023\\\/10\\\/map-img-1024x585.jpg\",\"datePublished\":\"2017-04-10T14:32:28+00:00\",\"dateModified\":\"2023-10-26T20:40:45+00:00\",\"description\":\"Bv. Burebista nr. 1, bl. D15, sc. 4, interfon 30, et. 6, ap. 130, sector 3 Bucuresti Tel 0744676453 email: contact@mihaipascaru.ro\",\"breadcrumb\":{\"@id\":\"https:\\\/\\\/mihaipascaru.ro\\\/contact\\\/#breadcrumb\"},\"inLanguage\":\"en-US\",\"potentialAction\":[{\"@type\":\"ReadAction\",\"target\":[\"https:\\\/\\\/mihaipascaru.ro\\\/contact\\\/\"]}]},{\"@type\":\"ImageObject\",\"inLanguage\":\"en-US\",\"@id\":\"https:\\\/\\\/mihaipascaru.ro\\\/contact\\\/#primaryimage\",\"url\":\"https:\\\/\\\/mihaipascaru.ro\\\/wp-content\\\/uploads\\\/2023\\\/10\\\/map-img-1024x585.jpg\",\"contentUrl\":\"https:\\\/\\\/mihaipascaru.ro\\\/wp-content\\\/uploads\\\/2023\\\/10\\\/map-img-1024x585.jpg\"},{\"@type\":\"BreadcrumbList\",\"@id\":\"https:\\\/\\\/mihaipascaru.ro\\\/contact\\\/#breadcrumb\",\"itemListElement\":[{\"@type\":\"ListItem\",\"position\":1,\"name\":\"Home\",\"item\":\"https:\\\/\\\/mihaipascaru.ro\\\/\"},{\"@type\":\"ListItem\",\"position\":2,\"name\":\"Contact\"}]},{\"@type\":\"WebSite\",\"@id\":\"https:\\\/\\\/mihaipascaru.ro\\\/#website\",\"url\":\"https:\\\/\\\/mihaipascaru.ro\\\/\",\"name\":\"Mihai Pascaru\",\"description\":\"Cabinet Individual de Psihologie\",\"potentialAction\":[{\"@type\":\"SearchAction\",\"target\":{\"@type\":\"EntryPoint\",\"urlTemplate\":\"https:\\\/\\\/mihaipascaru.ro\\\/?s={search_term_string}\"},\"query-input\":{\"@type\":\"PropertyValueSpecification\",\"valueRequired\":true,\"valueName\":\"search_term_string\"}}],\"inLanguage\":\"en-US\"}]}<\/script>\n<!-- \/ Yoast SEO plugin. -->","yoast_head_json":{"title":"Psiholog Psihoterapeut Mihai Pascaru - Sector 3 Bucuresti","description":"Bv. Burebista nr. 1, bl. D15, sc. 4, interfon 30, et. 6, ap. 130, sector 3 Bucuresti Tel 0744676453 email: contact@mihaipascaru.ro","robots":{"index":"index","follow":"follow","max-snippet":"max-snippet:-1","max-image-preview":"max-image-preview:large","max-video-preview":"max-video-preview:-1"},"canonical":"https:\/\/mihaipascaru.ro\/en\/contact\/","og_locale":"en_US","og_type":"article","og_title":"Psiholog Psihoterapeut Mihai Pascaru - Sector 3 Bucuresti","og_description":"Bv. Burebista nr. 1, bl. D15, sc. 4, interfon 30, et. 6, ap. 130, sector 3 Bucuresti Tel 0744676453 email: contact@mihaipascaru.ro","og_url":"https:\/\/mihaipascaru.ro\/en\/contact\/","og_site_name":"Mihai Pascaru","article_modified_time":"2023-10-26T20:40:45+00:00","og_image":[{"url":"https:\/\/mihaipascaru.ro\/wp-content\/uploads\/2023\/10\/map-img-1024x585.jpg","type":"","width":"","height":""}],"twitter_card":"summary_large_image","twitter_misc":{"Est. reading time":"1 minute"},"schema":{"@context":"https:\/\/schema.org","@graph":[{"@type":"WebPage","@id":"https:\/\/mihaipascaru.ro\/contact\/","url":"https:\/\/mihaipascaru.ro\/contact\/","name":"Psiholog Psihoterapeut Mihai Pascaru - Sector 3 Bucuresti","isPartOf":{"@id":"https:\/\/mihaipascaru.ro\/#website"},"primaryImageOfPage":{"@id":"https:\/\/mihaipascaru.ro\/contact\/#primaryimage"},"image":{"@id":"https:\/\/mihaipascaru.ro\/contact\/#primaryimage"},"thumbnailUrl":"https:\/\/mihaipascaru.ro\/wp-content\/uploads\/2023\/10\/map-img-1024x585.jpg","datePublished":"2017-04-10T14:32:28+00:00","dateModified":"2023-10-26T20:40:45+00:00","description":"Bv. Burebista nr. 1, bl. D15, sc. 4, interfon 30, et. 6, ap. 130, sector 3 Bucuresti Tel 0744676453 email: contact@mihaipascaru.ro","breadcrumb":{"@id":"https:\/\/mihaipascaru.ro\/contact\/#breadcrumb"},"inLanguage":"en-US","potentialAction":[{"@type":"ReadAction","target":["https:\/\/mihaipascaru.ro\/contact\/"]}]},{"@type":"ImageObject","inLanguage":"en-US","@id":"https:\/\/mihaipascaru.ro\/contact\/#primaryimage","url":"https:\/\/mihaipascaru.ro\/wp-content\/uploads\/2023\/10\/map-img-1024x585.jpg","contentUrl":"https:\/\/mihaipascaru.ro\/wp-content\/uploads\/2023\/10\/map-img-1024x585.jpg"},{"@type":"BreadcrumbList","@id":"https:\/\/mihaipascaru.ro\/contact\/#breadcrumb","itemListElement":[{"@type":"ListItem","position":1,"name":"Home","item":"https:\/\/mihaipascaru.ro\/"},{"@type":"ListItem","position":2,"name":"Contact"}]},{"@type":"WebSite","@id":"https:\/\/mihaipascaru.ro\/#website","url":"https:\/\/mihaipascaru.ro\/","name":"Mihai Pascaru","description":"Individual Psychology Office","potentialAction":[{"@type":"SearchAction","target":{"@type":"EntryPoint","urlTemplate":"https:\/\/mihaipascaru.ro\/?s={search_term_string}"},"query-input":{"@type":"PropertyValueSpecification","valueRequired":true,"valueName":"search_term_string"}}],"inLanguage":"en-US"}]}},"_links":{"self":[{"href":"https:\/\/mihaipascaru.ro\/en\/wp-json\/wp\/v2\/pages\/48","targetHints":{"allow":["GET"]}}],"collection":[{"href":"https:\/\/mihaipascaru.ro\/en\/wp-json\/wp\/v2\/pages"}],"about":[{"href":"https:\/\/mihaipascaru.ro\/en\/wp-json\/wp\/v2\/types\/page"}],"author":[{"embeddable":true,"href":"https:\/\/mihaipascaru.ro\/en\/wp-json\/wp\/v2\/users\/1"}],"replies":[{"embeddable":true,"href":"https:\/\/mihaipascaru.ro\/en\/wp-json\/wp\/v2\/comments?post=48"}],"version-history":[{"count":58,"href":"https:\/\/mihaipascaru.ro\/en\/wp-json\/wp\/v2\/pages\/48\/revisions"}],"predecessor-version":[{"id":1450,"href":"https:\/\/mihaipascaru.ro\/en\/wp-json\/wp\/v2\/pages\/48\/revisions\/1450"}],"wp:attachment":[{"href":"https:\/\/mihaipascaru.ro\/en\/wp-json\/wp\/v2\/media?parent=48"}],"curies":[{"name":"wp","href":"https:\/\/api.w.org\/{rel}","templated":true}]}}